{"id":3744,"date":"2019-03-04T23:40:22","date_gmt":"2019-03-04T22:40:22","guid":{"rendered":"http:\/\/88aucsmalp.it\/?page_id=3744"},"modified":"2019-03-05T00:19:42","modified_gmt":"2019-03-04T23:19:42","slug":"srcm-35","status":"publish","type":"page","link":"https:\/\/88aucsmalp.it\/?page_id=3744","title":{"rendered":"SRCM mod. 35"},"content":{"rendered":"<p><a href=\"https:\/\/88aucsmalp.it\/wp-content\/uploads\/2019\/03\/SRCM-35-guerra.jpg\"><img loading=\"lazy\" decoding=\"async\" class=\"alignleft wp-image-3758 size-medium\" src=\"https:\/\/88aucsmalp.it\/wp-content\/uploads\/2019\/03\/SRCM-35-guerra-240x300.jpg\" alt=\"\" width=\"240\" height=\"300\" srcset=\"https:\/\/88aucsmalp.it\/wp-content\/uploads\/2019\/03\/SRCM-35-guerra-240x300.jpg 240w, https:\/\/88aucsmalp.it\/wp-content\/uploads\/2019\/03\/SRCM-35-guerra.jpg 250w\" sizes=\"auto, (max-width: 240px) 100vw, 240px\" \/><\/a>La SRCM mod. 35, costruita dalla Societ\u00e0 Romana Costruzioni Meccaniche, \u00e8 una bomba a mano di tipo offensivo:<\/p>\n<ul>\n<li>la distanza di lancio \u00e8 di 20-25 metri mentre quella d&#8217;azione delle schegge \u00e8 di 10-15 metri<\/li>\n<li>il funzionamento \u00e8 a percussione<\/li>\n<li>il corpo bomba contiene 43 grammi di tritolo e trinitro-naftalina che al momento dell&#8217;esplosione frammentano in schegge un filo metallico avvolto internamente<\/li>\n<li>ha quattro sicure, delle quali una manuale e tre automatiche:<\/li>\n<\/ul>\n<ul>\n<li style=\"list-style-type: none;\">\n<ul>\n<li>la prima, manuale, \u00e8 costituita da un traversino in ottone con impugnatura in gomma telata (sicura di <i>maneggio e trasporto<\/i>)<\/li>\n<li>la seconda, automatica, \u00e8 costituita da un traversino d&#8217;alluminio collegato ad una cuffia esterna, detta &#8220;cuffia aerodinamica&#8221;, che ha il compito di sfilare il traversino e liberare la corsa tra il percussore e la capsula di innesco dell&#8217;esplosivo (sicura di <i>prima traiettoria<\/i>)<\/li>\n<li>la terza, automatica, (detta di <i>funzionamento universale<\/i>) \u00e8 interna all&#8217;ordigno ed \u00e8 costituita da un sistema a molla che ne evita l&#8217;esplosione in volo e ne garantisce la detonazione all&#8217;impatto qualunque sia la parte della bomba che tocca il terreno<\/li>\n<li>la quarta, automatica, \u00e8 il <i>congegno di disattivazione<\/i>, costituito da un lamierino interno forato che, in caso di mancata esplosione, si interpone nel suo pieno tra il percussore e la capsula di innesco, impedendo dunque una successiva percussione (ad esempio, a seguito di un urto fortuito) ed inertizzando di fatto la bomba (ma non \u00e8 verificabile dall&#8217;esterno).<\/li>\n<\/ul>\n<\/li>\n<\/ul>\n<p>Il lancio avviene dopo aver tolto la prima sicura (di maneggio e trasporto); durante la parabola la cuffia aerodinamica sfila la seconda sicura (prima traiettoria) e libera lo spazio tra il percussore e la capsula di innesco, attivando fisicamente la bomba; la terza sicura (funzionamento universale) consentir\u00e0 all&#8217;ordigno di completare il volo fino a quando, all&#8217;impatto col terreno, si avr\u00e0 l&#8217;esplosione.<\/p>\n","protected":false},"excerpt":{"rendered":"<p>La SRCM mod. 35, costruita dalla Societ\u00e0 Romana Costruzioni Meccaniche, \u00e8 una bomba a mano di tipo offensivo: la distanza di lancio \u00e8 di 20-25 metri mentre quella d&#8217;azione delle schegge \u00e8 di 10-15 metri il funzionamento \u00e8 a percussione <span class=\"excerpt-dots\">&hellip;<\/span> <a class=\"more-link\" href=\"https:\/\/88aucsmalp.it\/?page_id=3744\"><span class=\"more-msg\">Continua a leggere &rarr;<\/span><\/a><\/p>\n","protected":false},"author":1,"featured_media":0,"parent":56,"menu_order":0,"comment_status":"closed","ping_status":"closed","template":"","meta":{"ngg_post_thumbnail":0,"footnotes":""},"class_list":["post-3744","page","type-page","status-publish","hentry"],"_links":{"self":[{"href":"https:\/\/88aucsmalp.it\/index.php?rest_route=\/wp\/v2\/pages\/3744","targetHints":{"allow":["GET"]}}],"collection":[{"href":"https:\/\/88aucsmalp.it\/index.php?rest_route=\/wp\/v2\/pages"}],"about":[{"href":"https:\/\/88aucsmalp.it\/index.php?rest_route=\/wp\/v2\/types\/page"}],"author":[{"embeddable":true,"href":"https:\/\/88aucsmalp.it\/index.php?rest_route=\/wp\/v2\/users\/1"}],"replies":[{"embeddable":true,"href":"https:\/\/88aucsmalp.it\/index.php?rest_route=%2Fwp%2Fv2%2Fcomments&post=3744"}],"version-history":[{"count":0,"href":"https:\/\/88aucsmalp.it\/index.php?rest_route=\/wp\/v2\/pages\/3744\/revisions"}],"up":[{"embeddable":true,"href":"https:\/\/88aucsmalp.it\/index.php?rest_route=\/wp\/v2\/pages\/56"}],"wp:attachment":[{"href":"https:\/\/88aucsmalp.it\/index.php?rest_route=%2Fwp%2Fv2%2Fmedia&parent=3744"}],"curies":[{"name":"wp","href":"https:\/\/api.w.org\/{rel}","templated":true}]}}