{"id":4170,"date":"2021-07-12T11:18:09","date_gmt":"2021-07-12T09:18:09","guid":{"rendered":"http:\/\/88aucsmalp.it\/?page_id=4170"},"modified":"2021-07-12T11:30:23","modified_gmt":"2021-07-12T09:30:23","slug":"rimini-2021-annullata","status":"publish","type":"page","link":"https:\/\/88aucsmalp.it\/?page_id=4170","title":{"rendered":"Rimini 2021 annullata"},"content":{"rendered":"<p>Il Consiglio Direttivo Nazionale dell\u2019Associazione Nazionale Alpini riunito oggi, luned\u00ec 3 maggio 2021, in videoconferenza, ha deciso lo spostamento al secondo fine settimana di maggio (dal 5 all\u20198 maggio) del 2022 della 93\u00aa Adunata Nazionale di Rimini-San Marino.<\/p>\n<p>L\u2019importante appuntamento era gi\u00e0 stato fatto slittare al prossimo settembre, ma il CDN, visto che la situazione pandemica pur in miglioramento non si \u00e8 certo esaurita e dopo aver incontrato e sentito le autorit\u00e0 di Rimini e San Marino, ha valutato che per quel mese non sar\u00e0 ancora possibile garantire le indispensabili condizioni di sicurezza sanitaria; condizioni difficili da ottenere in una manifestazione che in pochi giorni concentra in una localit\u00e0 centinaia di migliaia di persone.<\/p>\n<p>Pertanto l\u2019intera programmazione delle Adunate, a cominciare dalla 94\u00aa, gi\u00e0 assegnata ad Udine, si sposter\u00e0 avanti di un anno.<\/p>\n<p>\u201cUna scelta \u2013 ha commentato il Presidente nazionale Sebastiano Favero \u2013 che aggiunge un\u2019ulteriore nota di tristezza al difficile periodo che stiamo vivendo, ma che non pu\u00f2 prescindere dal grande senso di responsabilit\u00e0 che l\u2019Ana ha sempre dimostrato e continua a dimostrare ogni giorno, con migliaia di volontari impegnati nelle strutture che combattono per uscire da questa emergenza\u201d.<\/p>\n","protected":false},"excerpt":{"rendered":"<p>Il Consiglio Direttivo Nazionale dell\u2019Associazione Nazionale Alpini riunito oggi, luned\u00ec 3 maggio 2021, in videoconferenza, ha deciso lo spostamento al secondo fine settimana di maggio (dal 5 all\u20198 maggio) del 2022 della 93\u00aa Adunata Nazionale di Rimini-San Marino. L\u2019importante appuntamento <span class=\"excerpt-dots\">&hellip;<\/span> <a class=\"more-link\" href=\"https:\/\/88aucsmalp.it\/?page_id=4170\"><span class=\"more-msg\">Continua a leggere &rarr;<\/span><\/a><\/p>\n","protected":false},"author":1,"featured_media":0,"parent":193,"menu_order":0,"comment_status":"closed","ping_status":"closed","template":"","meta":{"ngg_post_thumbnail":0,"footnotes":""},"class_list":["post-4170","page","type-page","status-publish","hentry"],"_links":{"self":[{"href":"https:\/\/88aucsmalp.it\/index.php?rest_route=\/wp\/v2\/pages\/4170","targetHints":{"allow":["GET"]}}],"collection":[{"href":"https:\/\/88aucsmalp.it\/index.php?rest_route=\/wp\/v2\/pages"}],"about":[{"href":"https:\/\/88aucsmalp.it\/index.php?rest_route=\/wp\/v2\/types\/page"}],"author":[{"embeddable":true,"href":"https:\/\/88aucsmalp.it\/index.php?rest_route=\/wp\/v2\/users\/1"}],"replies":[{"embeddable":true,"href":"https:\/\/88aucsmalp.it\/index.php?rest_route=%2Fwp%2Fv2%2Fcomments&post=4170"}],"version-history":[{"count":0,"href":"https:\/\/88aucsmalp.it\/index.php?rest_route=\/wp\/v2\/pages\/4170\/revisions"}],"up":[{"embeddable":true,"href":"https:\/\/88aucsmalp.it\/index.php?rest_route=\/wp\/v2\/pages\/193"}],"wp:attachment":[{"href":"https:\/\/88aucsmalp.it\/index.php?rest_route=%2Fwp%2Fv2%2Fmedia&parent=4170"}],"curies":[{"name":"wp","href":"https:\/\/api.w.org\/{rel}","templated":true}]}}